{"id":198,"date":"2018-09-24T13:42:23","date_gmt":"2018-09-24T11:42:23","guid":{"rendered":"http:\/\/liptondrej.ecavlos.sk\/?page_id=198"},"modified":"2020-12-13T11:53:16","modified_gmt":"2020-12-13T10:53:16","slug":"dolezite-odkazy","status":"publish","type":"page","link":"https:\/\/liptondrej.ecavlos.sk\/?page_id=198","title":{"rendered":"D\u00f4le\u017eit\u00e9 odkazy"},"content":{"rendered":"<div id=\"dslc-theme-content\"><div id=\"dslc-theme-content-inner\"><h4><span style=\"color: #000080;\">Biblick\u00e9 a vierou\u010dn\u00e9 odkazy:<\/span><\/h4>\n<ul>\n<li><a href=\"https:\/\/biblia.sk\/citanie\/seb\/mt\/1\" target=\"_blank\" rel=\"noopener noreferrer\">Biblia (online)<\/a><\/li>\n<li><a href=\"http:\/\/lide.cb.cz\/pavel.mosner\/bib_slovnik_novotny.htm\" target=\"_blank\" rel=\"noopener noreferrer\">Biblick\u00fd slovn\u00edk (online)<\/a><\/li>\n<li><a href=\"http:\/\/liptondrej.ecavlos.sk\/wp-content\/uploads\/2018\/10\/Biblick\u00fd-slovn\u00edk-Adolf-Novotn\u00fd.pdf\" target=\"_blank\" rel=\"noopener noreferrer\">Novotn\u00fd, Adolf: Biblick\u00fd slovn\u00edk. Kalich, Praha, 1956 (pdf)<\/a><\/li>\n<li><a href=\"https:\/\/issuu.com\/slovenskabiblickaspolocnost\/docs\/biblicka_konkordancia_a-n\" target=\"_blank\" rel=\"noopener noreferrer\">Pot\u00fa\u010dek, Juraj: Biblick\u00e1 konkordancia. Slovensk\u00e1 biblick\u00e1 spolo\u010dnos\u0165, Bratislava, 1997 (a-n) (online)<\/a><\/li>\n<li><a href=\"https:\/\/issuu.com\/slovenskabiblickaspolocnost\/docs\/biblicka_konkordancia_o-__\" target=\"_blank\" rel=\"noopener noreferrer\">Pot\u00fa\u010dek, Juraj: Biblick\u00e1 konkordancia. Slovensk\u00e1 biblick\u00e1 spolo\u010dnos\u0165, Bratislava, 1997 (o-\u017e) (online)&nbsp;<\/a><\/li>\n<li><a href=\"http:\/\/liptondrej.ecavlos.sk\/wp-content\/uploads\/2018\/10\/augsburska_konfesia.pdf\" target=\"_blank\" rel=\"noopener noreferrer\">Augsbursk\u00e1 konfesia alebo vyznanie viery. Augsburg 1530 (pdf)<\/a><\/li>\n<li><a href=\"http:\/\/liptondrej.ecavlos.sk\/wp-content\/uploads\/2018\/10\/m_katechizmus.pdf\" target=\"_blank\" rel=\"noopener noreferrer\">Mal\u00fd katechizmus Dr. Martina Luthera (pdf)<\/a><\/li>\n<li><a href=\"http:\/\/liptondrej.ecavlos.sk\/wp-content\/uploads\/2018\/10\/v_katechizmus.pdf\" target=\"_blank\" rel=\"noopener noreferrer\">Ve\u013ek\u00fd katechizmus Dr. Martina Luthera (pdf)<\/a><\/li>\n<\/ul>\n<h4><span style=\"color: #000080;\">Zauj\u00edmav\u00e9 kres\u0165ansk\u00e9 \u010d\u00edtanie:<\/span><\/h4>\n<ul>\n<li><a href=\"https:\/\/zamyslenia.lutheran.sk\/\" target=\"_blank\" rel=\"noopener noreferrer\">Denn\u00e9 zamyslenia<\/a>&nbsp;(Tesnou br\u00e1nou)<\/li>\n<li><a href=\"https:\/\/chcemviac.com\/\" target=\"_blank\" rel=\"noopener noreferrer\">Chcemviac<\/a>&nbsp;&#8211; Slovensk\u00e9 evanjeliza\u010dn\u00e9 stredisko (kres\u0165ansk\u00e9 \u010d\u00edtanie na r\u00f4zne&nbsp;t\u00e9my)<\/li>\n<\/ul>\n<h4><span style=\"color: #000080;\">Aplik\u00e1cie do v\u00e1\u0161ho mobilu:<\/span><\/h4>\n<ul>\n<li><a href=\"https:\/\/play.google.com\/store\/apps\/details?id=com.sirma.mobile.bible.android&amp;hl=sk\" target=\"_blank\" rel=\"noopener noreferrer\">Biblia<\/a> (r\u00f4zne preklady)<\/li>\n<li><a href=\"https:\/\/play.google.com\/store\/apps\/details?id=sk.applogico.ecavhybe\" target=\"_blank\" rel=\"noopener noreferrer\">ECAV spevn\u00edk<\/a> (aj s notami +&nbsp;ml\u00e1de\u017en\u00edcke piesne)<\/li>\n<li><a href=\"https:\/\/play.google.com\/store\/apps\/details?id=smartphone.csandaz.evanjelickyspevnik&amp;hl=sk\" target=\"_blank\" rel=\"noopener noreferrer\">Evanjelick\u00fd spevn\u00edk<\/a> (bez n\u00f4t)<\/li>\n<li><a href=\"https:\/\/play.google.com\/store\/apps\/details?id=com.slovack.zamyslenia.app\" target=\"_blank\" rel=\"noopener noreferrer\">Denn\u00e9 zamyslenia <\/a>(Hrad prepevn\u00fd)<\/li>\n<\/ul>\n<h4><span style=\"color: #000080;\">Adres\u00e1r:<\/span><\/h4>\n<ul>\n<li><a href=\"http:\/\/www.ecav.sk\/\" target=\"_blank\" rel=\"noopener noreferrer\">Evanjelick\u00e1 cirkev augsbursk\u00e9ho vyznania<\/a>&nbsp;(ECAV)<\/li>\n<li><a href=\"https:\/\/vdecav.sk\/\">V\u00fdchodn\u00fd Di\u0161trikt ECAV<\/a><\/li>\n<li><a href=\"https:\/\/www.ecavlos.sk\/\" target=\"_blank\" rel=\"noopener noreferrer\">Liptovsko-oravsk\u00fd senior\u00e1t ECAV<\/a><\/li>\n<\/ul>\n<\/div><\/div>","protected":false},"excerpt":{"rendered":"<p>Biblick\u00e9 a vierou\u010dn\u00e9 odkazy: Biblia (online) Biblick\u00fd slovn\u00edk (online) Novotn\u00fd, Adolf: Biblick\u00fd slovn\u00edk. Kalich, Praha, 1956 (pdf) Pot\u00fa\u010dek, Juraj: Biblick\u00e1 konkordancia. Slovensk\u00e1 biblick\u00e1 spolo\u010dnos\u0165, Bratislava, 1997 (a-n) (online) Pot\u00fa\u010dek, Juraj: Biblick\u00e1 konkordancia. Slovensk\u00e1 biblick\u00e1 spolo\u010dnos\u0165, Bratislava, 1997 (o-\u017e) (online)&nbsp; Augsbursk\u00e1 konfesia alebo vyznanie viery. Augsburg 1530 (pdf) Mal\u00fd katechizmus Dr. Martina Luthera (pdf) Ve\u013ek\u00fd katechizmus <a href=\"https:\/\/liptondrej.ecavlos.sk\/?page_id=198\" rel=\"nofollow\"><span class=\"sr-only\">Pre\u010d\u00edta\u0165 viac o D\u00f4le\u017eit\u00e9 odkazy<\/span>[&hellip;]<\/a><\/p>\n","protected":false},"author":1,"featured_media":0,"parent":0,"menu_order":4,"comment_status":"closed","ping_status":"closed","template":"","meta":[],"yoast_head":"<!-- This site is optimized with the Yoast SEO plugin v16.9 - https:\/\/yoast.com\/wordpress\/plugins\/seo\/ -->\n<title>D\u00f4le\u017eit\u00e9 odkazy - Cirkevn\u00fd zbor ECAV Liptovsk\u00fd Ondrej<\/title>\n<meta name=\"robots\" content=\"index, follow, max-snippet:-1, max-image-preview:large, max-video-preview:-1\" \/>\n<link rel=\"canonical\" href=\"https:\/\/liptondrej.ecavlos.sk\/?page_id=198\" \/>\n<meta property=\"og:locale\" content=\"sk_SK\" \/>\n<meta property=\"og:type\" content=\"article\" \/>\n<meta property=\"og:title\" content=\"D\u00f4le\u017eit\u00e9 odkazy - Cirkevn\u00fd zbor ECAV Liptovsk\u00fd Ondrej\" \/>\n<meta property=\"og:description\" content=\"Biblick\u00e9 a vierou\u010dn\u00e9 odkazy: Biblia (online) Biblick\u00fd slovn\u00edk (online) Novotn\u00fd, Adolf: Biblick\u00fd slovn\u00edk. Kalich, Praha, 1956 (pdf) Pot\u00fa\u010dek, Juraj: Biblick\u00e1 konkordancia. Slovensk\u00e1 biblick\u00e1 spolo\u010dnos\u0165, Bratislava, 1997 (a-n) (online) Pot\u00fa\u010dek, Juraj: Biblick\u00e1 konkordancia. Slovensk\u00e1 biblick\u00e1 spolo\u010dnos\u0165, Bratislava, 1997 (o-\u017e) (online)&nbsp; Augsbursk\u00e1 konfesia alebo vyznanie viery. Augsburg 1530 (pdf) Mal\u00fd katechizmus Dr. Martina Luthera (pdf) Ve\u013ek\u00fd katechizmus Pre\u010d\u00edta\u0165 viac o D\u00f4le\u017eit\u00e9 odkazy[&hellip;]\" \/>\n<meta property=\"og:url\" content=\"https:\/\/liptondrej.ecavlos.sk\/?page_id=198\" \/>\n<meta property=\"og:site_name\" content=\"Cirkevn\u00fd zbor ECAV Liptovsk\u00fd Ondrej\" \/>\n<meta property=\"article:modified_time\" content=\"2020-12-13T10:53:16+00:00\" \/>\n<meta name=\"twitter:card\" content=\"summary\" \/>\n<meta name=\"twitter:label1\" content=\"Predpokladan\u00fd \u010das \u010d\u00edtania\" \/>\n\t<meta name=\"twitter:data1\" content=\"1 min\u00fata\" \/>\n<script type=\"application\/ld+json\" class=\"yoast-schema-graph\">{\"@context\":\"https:\/\/schema.org\",\"@graph\":[{\"@type\":\"WebSite\",\"@id\":\"http:\/\/liptondrej.ecavlos.sk\/#website\",\"url\":\"http:\/\/liptondrej.ecavlos.sk\/\",\"name\":\"Cirkevn\\u00fd zbor ECAV Liptovsk\\u00fd Ondrej\",\"description\":\"Cirkevn\\u00fd zbor ECAV Liptovsk\\u00fd Ondrej\",\"potentialAction\":[{\"@type\":\"SearchAction\",\"target\":{\"@type\":\"EntryPoint\",\"urlTemplate\":\"http:\/\/liptondrej.ecavlos.sk\/?s={search_term_string}\"},\"query-input\":\"required name=search_term_string\"}],\"inLanguage\":\"sk-SK\"},{\"@type\":\"WebPage\",\"@id\":\"https:\/\/liptondrej.ecavlos.sk\/?page_id=198#webpage\",\"url\":\"https:\/\/liptondrej.ecavlos.sk\/?page_id=198\",\"name\":\"D\\u00f4le\\u017eit\\u00e9 odkazy - Cirkevn\\u00fd zbor ECAV Liptovsk\\u00fd Ondrej\",\"isPartOf\":{\"@id\":\"http:\/\/liptondrej.ecavlos.sk\/#website\"},\"datePublished\":\"2018-09-24T11:42:23+00:00\",\"dateModified\":\"2020-12-13T10:53:16+00:00\",\"breadcrumb\":{\"@id\":\"https:\/\/liptondrej.ecavlos.sk\/?page_id=198#breadcrumb\"},\"inLanguage\":\"sk-SK\",\"potentialAction\":[{\"@type\":\"ReadAction\",\"target\":[\"https:\/\/liptondrej.ecavlos.sk\/?page_id=198\"]}]},{\"@type\":\"BreadcrumbList\",\"@id\":\"https:\/\/liptondrej.ecavlos.sk\/?page_id=198#breadcrumb\",\"itemListElement\":[{\"@type\":\"ListItem\",\"position\":1,\"name\":\"Domovsk\\u00e1 str\\u00e1nka\",\"item\":\"http:\/\/liptondrej.ecavlos.sk\/\"},{\"@type\":\"ListItem\",\"position\":2,\"name\":\"D\\u00f4le\\u017eit\\u00e9 odkazy\"}]}]}<\/script>\n<!-- \/ Yoast SEO plugin. -->","yoast_head_json":{"title":"D\u00f4le\u017eit\u00e9 odkazy - Cirkevn\u00fd zbor ECAV Liptovsk\u00fd Ondrej","robots":{"index":"index","follow":"follow","max-snippet":"max-snippet:-1","max-image-preview":"max-image-preview:large","max-video-preview":"max-video-preview:-1"},"canonical":"https:\/\/liptondrej.ecavlos.sk\/?page_id=198","og_locale":"sk_SK","og_type":"article","og_title":"D\u00f4le\u017eit\u00e9 odkazy - Cirkevn\u00fd zbor ECAV Liptovsk\u00fd Ondrej","og_description":"Biblick\u00e9 a vierou\u010dn\u00e9 odkazy: Biblia (online) Biblick\u00fd slovn\u00edk (online) Novotn\u00fd, Adolf: Biblick\u00fd slovn\u00edk. Kalich, Praha, 1956 (pdf) Pot\u00fa\u010dek, Juraj: Biblick\u00e1 konkordancia. Slovensk\u00e1 biblick\u00e1 spolo\u010dnos\u0165, Bratislava, 1997 (a-n) (online) Pot\u00fa\u010dek, Juraj: Biblick\u00e1 konkordancia. Slovensk\u00e1 biblick\u00e1 spolo\u010dnos\u0165, Bratislava, 1997 (o-\u017e) (online)&nbsp; Augsbursk\u00e1 konfesia alebo vyznanie viery. Augsburg 1530 (pdf) Mal\u00fd katechizmus Dr. Martina Luthera (pdf) Ve\u013ek\u00fd katechizmus Pre\u010d\u00edta\u0165 viac o D\u00f4le\u017eit\u00e9 odkazy[&hellip;]","og_url":"https:\/\/liptondrej.ecavlos.sk\/?page_id=198","og_site_name":"Cirkevn\u00fd zbor ECAV Liptovsk\u00fd Ondrej","article_modified_time":"2020-12-13T10:53:16+00:00","twitter_card":"summary","twitter_misc":{"Predpokladan\u00fd \u010das \u010d\u00edtania":"1 min\u00fata"},"schema":{"@context":"https:\/\/schema.org","@graph":[{"@type":"WebSite","@id":"http:\/\/liptondrej.ecavlos.sk\/#website","url":"http:\/\/liptondrej.ecavlos.sk\/","name":"Cirkevn\u00fd zbor ECAV Liptovsk\u00fd Ondrej","description":"Cirkevn\u00fd zbor ECAV Liptovsk\u00fd Ondrej","potentialAction":[{"@type":"SearchAction","target":{"@type":"EntryPoint","urlTemplate":"http:\/\/liptondrej.ecavlos.sk\/?s={search_term_string}"},"query-input":"required name=search_term_string"}],"inLanguage":"sk-SK"},{"@type":"WebPage","@id":"https:\/\/liptondrej.ecavlos.sk\/?page_id=198#webpage","url":"https:\/\/liptondrej.ecavlos.sk\/?page_id=198","name":"D\u00f4le\u017eit\u00e9 odkazy - Cirkevn\u00fd zbor ECAV Liptovsk\u00fd Ondrej","isPartOf":{"@id":"http:\/\/liptondrej.ecavlos.sk\/#website"},"datePublished":"2018-09-24T11:42:23+00:00","dateModified":"2020-12-13T10:53:16+00:00","breadcrumb":{"@id":"https:\/\/liptondrej.ecavlos.sk\/?page_id=198#breadcrumb"},"inLanguage":"sk-SK","potentialAction":[{"@type":"ReadAction","target":["https:\/\/liptondrej.ecavlos.sk\/?page_id=198"]}]},{"@type":"BreadcrumbList","@id":"https:\/\/liptondrej.ecavlos.sk\/?page_id=198#breadcrumb","itemListElement":[{"@type":"ListItem","position":1,"name":"Domovsk\u00e1 str\u00e1nka","item":"http:\/\/liptondrej.ecavlos.sk\/"},{"@type":"ListItem","position":2,"name":"D\u00f4le\u017eit\u00e9 odkazy"}]}]}},"_links":{"self":[{"href":"https:\/\/liptondrej.ecavlos.sk\/index.php?rest_route=\/wp\/v2\/pages\/198"}],"collection":[{"href":"https:\/\/liptondrej.ecavlos.sk\/index.php?rest_route=\/wp\/v2\/pages"}],"about":[{"href":"https:\/\/liptondrej.ecavlos.sk\/index.php?rest_route=\/wp\/v2\/types\/page"}],"author":[{"embeddable":true,"href":"https:\/\/liptondrej.ecavlos.sk\/index.php?rest_route=\/wp\/v2\/users\/1"}],"replies":[{"embeddable":true,"href":"https:\/\/liptondrej.ecavlos.sk\/index.php?rest_route=%2Fwp%2Fv2%2Fcomments&post=198"}],"version-history":[{"count":6,"href":"https:\/\/liptondrej.ecavlos.sk\/index.php?rest_route=\/wp\/v2\/pages\/198\/revisions"}],"predecessor-version":[{"id":711,"href":"https:\/\/liptondrej.ecavlos.sk\/index.php?rest_route=\/wp\/v2\/pages\/198\/revisions\/711"}],"wp:attachment":[{"href":"https:\/\/liptondrej.ecavlos.sk\/index.php?rest_route=%2Fwp%2Fv2%2Fmedia&parent=198"}],"curies":[{"name":"wp","href":"https:\/\/api.w.org\/{rel}","templated":true}]}}