{"id":205,"date":"2018-09-24T13:44:03","date_gmt":"2018-09-24T11:44:03","guid":{"rendered":"http:\/\/liptondrej.ecavlos.sk\/?page_id=205"},"modified":"2020-10-31T15:25:42","modified_gmt":"2020-10-31T14:25:42","slug":"struktura-zboru","status":"publish","type":"page","link":"https:\/\/liptondrej.ecavlos.sk\/?page_id=205","title":{"rendered":"\u0160tat\u00fat zboru"},"content":{"rendered":"<div id=\"dslc-theme-content\"><div id=\"dslc-theme-content-inner\"><\/div><\/div>","protected":false},"excerpt":{"rendered":"","protected":false},"author":1,"featured_media":0,"parent":189,"menu_order":3,"comment_status":"closed","ping_status":"closed","template":"","meta":[],"yoast_head":"<!-- This site is optimized with the Yoast SEO plugin v16.9 - https:\/\/yoast.com\/wordpress\/plugins\/seo\/ -->\n<title>\u0160tat\u00fat zboru - Cirkevn\u00fd zbor ECAV Liptovsk\u00fd Ondrej<\/title>\n<meta name=\"robots\" content=\"index, follow, max-snippet:-1, max-image-preview:large, max-video-preview:-1\" \/>\n<link rel=\"canonical\" href=\"http:\/\/liptondrej.ecavlos.sk\/?page_id=205\" \/>\n<meta property=\"og:locale\" content=\"sk_SK\" \/>\n<meta property=\"og:type\" content=\"article\" \/>\n<meta property=\"og:title\" content=\"\u0160tat\u00fat zboru - Cirkevn\u00fd zbor ECAV Liptovsk\u00fd Ondrej\" \/>\n<meta property=\"og:url\" content=\"http:\/\/liptondrej.ecavlos.sk\/?page_id=205\" \/>\n<meta property=\"og:site_name\" content=\"Cirkevn\u00fd zbor ECAV Liptovsk\u00fd Ondrej\" \/>\n<meta property=\"article:modified_time\" content=\"2020-10-31T14:25:42+00:00\" \/>\n<meta name=\"twitter:card\" content=\"summary\" \/>\n<script type=\"application\/ld+json\" class=\"yoast-schema-graph\">{\"@context\":\"https:\/\/schema.org\",\"@graph\":[{\"@type\":\"WebSite\",\"@id\":\"http:\/\/liptondrej.ecavlos.sk\/#website\",\"url\":\"http:\/\/liptondrej.ecavlos.sk\/\",\"name\":\"Cirkevn\\u00fd zbor ECAV Liptovsk\\u00fd Ondrej\",\"description\":\"Cirkevn\\u00fd zbor ECAV Liptovsk\\u00fd Ondrej\",\"potentialAction\":[{\"@type\":\"SearchAction\",\"target\":{\"@type\":\"EntryPoint\",\"urlTemplate\":\"http:\/\/liptondrej.ecavlos.sk\/?s={search_term_string}\"},\"query-input\":\"required name=search_term_string\"}],\"inLanguage\":\"sk-SK\"},{\"@type\":\"WebPage\",\"@id\":\"http:\/\/liptondrej.ecavlos.sk\/?page_id=205#webpage\",\"url\":\"http:\/\/liptondrej.ecavlos.sk\/?page_id=205\",\"name\":\"\\u0160tat\\u00fat zboru - Cirkevn\\u00fd zbor ECAV Liptovsk\\u00fd Ondrej\",\"isPartOf\":{\"@id\":\"http:\/\/liptondrej.ecavlos.sk\/#website\"},\"datePublished\":\"2018-09-24T11:44:03+00:00\",\"dateModified\":\"2020-10-31T14:25:42+00:00\",\"breadcrumb\":{\"@id\":\"http:\/\/liptondrej.ecavlos.sk\/?page_id=205#breadcrumb\"},\"inLanguage\":\"sk-SK\",\"potentialAction\":[{\"@type\":\"ReadAction\",\"target\":[\"http:\/\/liptondrej.ecavlos.sk\/?page_id=205\"]}]},{\"@type\":\"BreadcrumbList\",\"@id\":\"http:\/\/liptondrej.ecavlos.sk\/?page_id=205#breadcrumb\",\"itemListElement\":[{\"@type\":\"ListItem\",\"position\":1,\"name\":\"Domovsk\\u00e1 str\\u00e1nka\",\"item\":\"http:\/\/liptondrej.ecavlos.sk\/\"},{\"@type\":\"ListItem\",\"position\":2,\"name\":\"O n\\u00e1s\",\"item\":\"http:\/\/liptondrej.ecavlos.sk\/?page_id=189\"},{\"@type\":\"ListItem\",\"position\":3,\"name\":\"\\u0160tat\\u00fat zboru\"}]}]}<\/script>\n<!-- \/ Yoast SEO plugin. -->","yoast_head_json":{"title":"\u0160tat\u00fat zboru - Cirkevn\u00fd zbor ECAV Liptovsk\u00fd Ondrej","robots":{"index":"index","follow":"follow","max-snippet":"max-snippet:-1","max-image-preview":"max-image-preview:large","max-video-preview":"max-video-preview:-1"},"canonical":"http:\/\/liptondrej.ecavlos.sk\/?page_id=205","og_locale":"sk_SK","og_type":"article","og_title":"\u0160tat\u00fat zboru - Cirkevn\u00fd zbor ECAV Liptovsk\u00fd Ondrej","og_url":"http:\/\/liptondrej.ecavlos.sk\/?page_id=205","og_site_name":"Cirkevn\u00fd zbor ECAV Liptovsk\u00fd Ondrej","article_modified_time":"2020-10-31T14:25:42+00:00","twitter_card":"summary","schema":{"@context":"https:\/\/schema.org","@graph":[{"@type":"WebSite","@id":"http:\/\/liptondrej.ecavlos.sk\/#website","url":"http:\/\/liptondrej.ecavlos.sk\/","name":"Cirkevn\u00fd zbor ECAV Liptovsk\u00fd Ondrej","description":"Cirkevn\u00fd zbor ECAV Liptovsk\u00fd Ondrej","potentialAction":[{"@type":"SearchAction","target":{"@type":"EntryPoint","urlTemplate":"http:\/\/liptondrej.ecavlos.sk\/?s={search_term_string}"},"query-input":"required name=search_term_string"}],"inLanguage":"sk-SK"},{"@type":"WebPage","@id":"http:\/\/liptondrej.ecavlos.sk\/?page_id=205#webpage","url":"http:\/\/liptondrej.ecavlos.sk\/?page_id=205","name":"\u0160tat\u00fat zboru - Cirkevn\u00fd zbor ECAV Liptovsk\u00fd Ondrej","isPartOf":{"@id":"http:\/\/liptondrej.ecavlos.sk\/#website"},"datePublished":"2018-09-24T11:44:03+00:00","dateModified":"2020-10-31T14:25:42+00:00","breadcrumb":{"@id":"http:\/\/liptondrej.ecavlos.sk\/?page_id=205#breadcrumb"},"inLanguage":"sk-SK","potentialAction":[{"@type":"ReadAction","target":["http:\/\/liptondrej.ecavlos.sk\/?page_id=205"]}]},{"@type":"BreadcrumbList","@id":"http:\/\/liptondrej.ecavlos.sk\/?page_id=205#breadcrumb","itemListElement":[{"@type":"ListItem","position":1,"name":"Domovsk\u00e1 str\u00e1nka","item":"http:\/\/liptondrej.ecavlos.sk\/"},{"@type":"ListItem","position":2,"name":"O n\u00e1s","item":"http:\/\/liptondrej.ecavlos.sk\/?page_id=189"},{"@type":"ListItem","position":3,"name":"\u0160tat\u00fat zboru"}]}]}},"_links":{"self":[{"href":"https:\/\/liptondrej.ecavlos.sk\/index.php?rest_route=\/wp\/v2\/pages\/205"}],"collection":[{"href":"https:\/\/liptondrej.ecavlos.sk\/index.php?rest_route=\/wp\/v2\/pages"}],"about":[{"href":"https:\/\/liptondrej.ecavlos.sk\/index.php?rest_route=\/wp\/v2\/types\/page"}],"author":[{"embeddable":true,"href":"https:\/\/liptondrej.ecavlos.sk\/index.php?rest_route=\/wp\/v2\/users\/1"}],"replies":[{"embeddable":true,"href":"https:\/\/liptondrej.ecavlos.sk\/index.php?rest_route=%2Fwp%2Fv2%2Fcomments&post=205"}],"version-history":[{"count":2,"href":"https:\/\/liptondrej.ecavlos.sk\/index.php?rest_route=\/wp\/v2\/pages\/205\/revisions"}],"predecessor-version":[{"id":273,"href":"https:\/\/liptondrej.ecavlos.sk\/index.php?rest_route=\/wp\/v2\/pages\/205\/revisions\/273"}],"up":[{"embeddable":true,"href":"https:\/\/liptondrej.ecavlos.sk\/index.php?rest_route=\/wp\/v2\/pages\/189"}],"wp:attachment":[{"href":"https:\/\/liptondrej.ecavlos.sk\/index.php?rest_route=%2Fwp%2Fv2%2Fmedia&parent=205"}],"curies":[{"name":"wp","href":"https:\/\/api.w.org\/{rel}","templated":true}]}}