{"id":207,"date":"2018-09-24T13:44:22","date_gmt":"2018-09-24T11:44:22","guid":{"rendered":"http:\/\/liptondrej.ecavlos.sk\/?page_id=207"},"modified":"2020-05-22T10:36:45","modified_gmt":"2020-05-22T08:36:45","slug":"predsednictvo-cirkevneho-zboru","status":"publish","type":"page","link":"https:\/\/liptondrej.ecavlos.sk\/?page_id=207","title":{"rendered":"Presbyterstvo zboru"},"content":{"rendered":"<div id=\"dslc-theme-content\"><div id=\"dslc-theme-content-inner\"><p><span style=\"color: #333399;\"><strong>Predsedn\u00edctvo zboru:<\/strong><\/span><\/p>\n<p>Mgr. Katar\u00edna Hud\u00e1kov\u00e1 &#8211; zborov\u00e1 far\u00e1rka<\/p>\n<p>J\u00e1n Uli\u010dn\u00fd &#8211; zborov\u00fd dozorca<\/p>\n<p><strong><span style=\"color: #333399;\">Zborov\u00e9 presbyterstvo:<\/span><\/strong><\/p>\n<\/div><\/div>","protected":false},"excerpt":{"rendered":"<p>Predsedn\u00edctvo zboru: Mgr. Katar\u00edna Hud\u00e1kov\u00e1 &#8211; zborov\u00e1 far\u00e1rka J\u00e1n Uli\u010dn\u00fd &#8211; zborov\u00fd dozorca Zborov\u00e9 presbyterstvo:<\/p>\n","protected":false},"author":1,"featured_media":0,"parent":189,"menu_order":4,"comment_status":"closed","ping_status":"closed","template":"","meta":[],"yoast_head":"<!-- This site is optimized with the Yoast SEO plugin v16.9 - https:\/\/yoast.com\/wordpress\/plugins\/seo\/ -->\n<title>Presbyterstvo zboru - Cirkevn\u00fd zbor ECAV Liptovsk\u00fd Ondrej<\/title>\n<meta name=\"robots\" content=\"index, follow, max-snippet:-1, max-image-preview:large, max-video-preview:-1\" \/>\n<link rel=\"canonical\" href=\"http:\/\/liptondrej.ecavlos.sk\/?page_id=207\" \/>\n<meta property=\"og:locale\" content=\"sk_SK\" \/>\n<meta property=\"og:type\" content=\"article\" \/>\n<meta property=\"og:title\" content=\"Presbyterstvo zboru - Cirkevn\u00fd zbor ECAV Liptovsk\u00fd Ondrej\" \/>\n<meta property=\"og:description\" content=\"Predsedn\u00edctvo zboru: Mgr. Katar\u00edna Hud\u00e1kov\u00e1 &#8211; zborov\u00e1 far\u00e1rka J\u00e1n Uli\u010dn\u00fd &#8211; zborov\u00fd dozorca Zborov\u00e9 presbyterstvo:\" \/>\n<meta property=\"og:url\" content=\"http:\/\/liptondrej.ecavlos.sk\/?page_id=207\" \/>\n<meta property=\"og:site_name\" content=\"Cirkevn\u00fd zbor ECAV Liptovsk\u00fd Ondrej\" \/>\n<meta property=\"article:modified_time\" content=\"2020-05-22T08:36:45+00:00\" \/>\n<meta name=\"twitter:card\" content=\"summary\" \/>\n<script type=\"application\/ld+json\" class=\"yoast-schema-graph\">{\"@context\":\"https:\/\/schema.org\",\"@graph\":[{\"@type\":\"WebSite\",\"@id\":\"http:\/\/liptondrej.ecavlos.sk\/#website\",\"url\":\"http:\/\/liptondrej.ecavlos.sk\/\",\"name\":\"Cirkevn\\u00fd zbor ECAV Liptovsk\\u00fd Ondrej\",\"description\":\"Cirkevn\\u00fd zbor ECAV Liptovsk\\u00fd Ondrej\",\"potentialAction\":[{\"@type\":\"SearchAction\",\"target\":{\"@type\":\"EntryPoint\",\"urlTemplate\":\"http:\/\/liptondrej.ecavlos.sk\/?s={search_term_string}\"},\"query-input\":\"required name=search_term_string\"}],\"inLanguage\":\"sk-SK\"},{\"@type\":\"WebPage\",\"@id\":\"http:\/\/liptondrej.ecavlos.sk\/?page_id=207#webpage\",\"url\":\"http:\/\/liptondrej.ecavlos.sk\/?page_id=207\",\"name\":\"Presbyterstvo zboru - Cirkevn\\u00fd zbor ECAV Liptovsk\\u00fd Ondrej\",\"isPartOf\":{\"@id\":\"http:\/\/liptondrej.ecavlos.sk\/#website\"},\"datePublished\":\"2018-09-24T11:44:22+00:00\",\"dateModified\":\"2020-05-22T08:36:45+00:00\",\"breadcrumb\":{\"@id\":\"http:\/\/liptondrej.ecavlos.sk\/?page_id=207#breadcrumb\"},\"inLanguage\":\"sk-SK\",\"potentialAction\":[{\"@type\":\"ReadAction\",\"target\":[\"http:\/\/liptondrej.ecavlos.sk\/?page_id=207\"]}]},{\"@type\":\"BreadcrumbList\",\"@id\":\"http:\/\/liptondrej.ecavlos.sk\/?page_id=207#breadcrumb\",\"itemListElement\":[{\"@type\":\"ListItem\",\"position\":1,\"name\":\"Domovsk\\u00e1 str\\u00e1nka\",\"item\":\"http:\/\/liptondrej.ecavlos.sk\/\"},{\"@type\":\"ListItem\",\"position\":2,\"name\":\"O n\\u00e1s\",\"item\":\"http:\/\/liptondrej.ecavlos.sk\/?page_id=189\"},{\"@type\":\"ListItem\",\"position\":3,\"name\":\"Presbyterstvo zboru\"}]}]}<\/script>\n<!-- \/ Yoast SEO plugin. -->","yoast_head_json":{"title":"Presbyterstvo zboru - Cirkevn\u00fd zbor ECAV Liptovsk\u00fd Ondrej","robots":{"index":"index","follow":"follow","max-snippet":"max-snippet:-1","max-image-preview":"max-image-preview:large","max-video-preview":"max-video-preview:-1"},"canonical":"http:\/\/liptondrej.ecavlos.sk\/?page_id=207","og_locale":"sk_SK","og_type":"article","og_title":"Presbyterstvo zboru - Cirkevn\u00fd zbor ECAV Liptovsk\u00fd Ondrej","og_description":"Predsedn\u00edctvo zboru: Mgr. Katar\u00edna Hud\u00e1kov\u00e1 &#8211; zborov\u00e1 far\u00e1rka J\u00e1n Uli\u010dn\u00fd &#8211; zborov\u00fd dozorca Zborov\u00e9 presbyterstvo:","og_url":"http:\/\/liptondrej.ecavlos.sk\/?page_id=207","og_site_name":"Cirkevn\u00fd zbor ECAV Liptovsk\u00fd Ondrej","article_modified_time":"2020-05-22T08:36:45+00:00","twitter_card":"summary","schema":{"@context":"https:\/\/schema.org","@graph":[{"@type":"WebSite","@id":"http:\/\/liptondrej.ecavlos.sk\/#website","url":"http:\/\/liptondrej.ecavlos.sk\/","name":"Cirkevn\u00fd zbor ECAV Liptovsk\u00fd Ondrej","description":"Cirkevn\u00fd zbor ECAV Liptovsk\u00fd Ondrej","potentialAction":[{"@type":"SearchAction","target":{"@type":"EntryPoint","urlTemplate":"http:\/\/liptondrej.ecavlos.sk\/?s={search_term_string}"},"query-input":"required name=search_term_string"}],"inLanguage":"sk-SK"},{"@type":"WebPage","@id":"http:\/\/liptondrej.ecavlos.sk\/?page_id=207#webpage","url":"http:\/\/liptondrej.ecavlos.sk\/?page_id=207","name":"Presbyterstvo zboru - Cirkevn\u00fd zbor ECAV Liptovsk\u00fd Ondrej","isPartOf":{"@id":"http:\/\/liptondrej.ecavlos.sk\/#website"},"datePublished":"2018-09-24T11:44:22+00:00","dateModified":"2020-05-22T08:36:45+00:00","breadcrumb":{"@id":"http:\/\/liptondrej.ecavlos.sk\/?page_id=207#breadcrumb"},"inLanguage":"sk-SK","potentialAction":[{"@type":"ReadAction","target":["http:\/\/liptondrej.ecavlos.sk\/?page_id=207"]}]},{"@type":"BreadcrumbList","@id":"http:\/\/liptondrej.ecavlos.sk\/?page_id=207#breadcrumb","itemListElement":[{"@type":"ListItem","position":1,"name":"Domovsk\u00e1 str\u00e1nka","item":"http:\/\/liptondrej.ecavlos.sk\/"},{"@type":"ListItem","position":2,"name":"O n\u00e1s","item":"http:\/\/liptondrej.ecavlos.sk\/?page_id=189"},{"@type":"ListItem","position":3,"name":"Presbyterstvo zboru"}]}]}},"_links":{"self":[{"href":"https:\/\/liptondrej.ecavlos.sk\/index.php?rest_route=\/wp\/v2\/pages\/207"}],"collection":[{"href":"https:\/\/liptondrej.ecavlos.sk\/index.php?rest_route=\/wp\/v2\/pages"}],"about":[{"href":"https:\/\/liptondrej.ecavlos.sk\/index.php?rest_route=\/wp\/v2\/types\/page"}],"author":[{"embeddable":true,"href":"https:\/\/liptondrej.ecavlos.sk\/index.php?rest_route=\/wp\/v2\/users\/1"}],"replies":[{"embeddable":true,"href":"https:\/\/liptondrej.ecavlos.sk\/index.php?rest_route=%2Fwp%2Fv2%2Fcomments&post=207"}],"version-history":[{"count":6,"href":"https:\/\/liptondrej.ecavlos.sk\/index.php?rest_route=\/wp\/v2\/pages\/207\/revisions"}],"predecessor-version":[{"id":601,"href":"https:\/\/liptondrej.ecavlos.sk\/index.php?rest_route=\/wp\/v2\/pages\/207\/revisions\/601"}],"up":[{"embeddable":true,"href":"https:\/\/liptondrej.ecavlos.sk\/index.php?rest_route=\/wp\/v2\/pages\/189"}],"wp:attachment":[{"href":"https:\/\/liptondrej.ecavlos.sk\/index.php?rest_route=%2Fwp%2Fv2%2Fmedia&parent=207"}],"curies":[{"name":"wp","href":"https:\/\/api.w.org\/{rel}","templated":true}]}}