{"id":219,"date":"2018-09-24T13:45:52","date_gmt":"2018-09-24T11:45:52","guid":{"rendered":"http:\/\/liptondrej.ecavlos.sk\/?page_id=219"},"modified":"2018-10-30T15:13:33","modified_gmt":"2018-10-30T14:13:33","slug":"spevokol","status":"publish","type":"page","link":"https:\/\/liptondrej.ecavlos.sk\/?page_id=219","title":{"rendered":"Spevokol"},"content":{"rendered":"<div id=\"dslc-theme-content\"><div id=\"dslc-theme-content-inner\"><\/div><\/div>","protected":false},"excerpt":{"rendered":"","protected":false},"author":1,"featured_media":0,"parent":190,"menu_order":5,"comment_status":"closed","ping_status":"closed","template":"","meta":[],"yoast_head":"<!-- This site is optimized with the Yoast SEO plugin v16.9 - https:\/\/yoast.com\/wordpress\/plugins\/seo\/ -->\n<title>Spevokol - Cirkevn\u00fd zbor ECAV Liptovsk\u00fd Ondrej<\/title>\n<meta name=\"robots\" content=\"index, follow, max-snippet:-1, max-image-preview:large, max-video-preview:-1\" \/>\n<link rel=\"canonical\" href=\"http:\/\/liptondrej.ecavlos.sk\/?page_id=219\" \/>\n<meta property=\"og:locale\" content=\"sk_SK\" \/>\n<meta property=\"og:type\" content=\"article\" \/>\n<meta property=\"og:title\" content=\"Spevokol - Cirkevn\u00fd zbor ECAV Liptovsk\u00fd Ondrej\" \/>\n<meta property=\"og:url\" content=\"http:\/\/liptondrej.ecavlos.sk\/?page_id=219\" \/>\n<meta property=\"og:site_name\" content=\"Cirkevn\u00fd zbor ECAV Liptovsk\u00fd Ondrej\" \/>\n<meta property=\"article:modified_time\" content=\"2018-10-30T14:13:33+00:00\" \/>\n<meta name=\"twitter:card\" content=\"summary\" \/>\n<script type=\"application\/ld+json\" class=\"yoast-schema-graph\">{\"@context\":\"https:\/\/schema.org\",\"@graph\":[{\"@type\":\"WebSite\",\"@id\":\"http:\/\/liptondrej.ecavlos.sk\/#website\",\"url\":\"http:\/\/liptondrej.ecavlos.sk\/\",\"name\":\"Cirkevn\\u00fd zbor ECAV Liptovsk\\u00fd Ondrej\",\"description\":\"Cirkevn\\u00fd zbor ECAV Liptovsk\\u00fd Ondrej\",\"potentialAction\":[{\"@type\":\"SearchAction\",\"target\":{\"@type\":\"EntryPoint\",\"urlTemplate\":\"http:\/\/liptondrej.ecavlos.sk\/?s={search_term_string}\"},\"query-input\":\"required name=search_term_string\"}],\"inLanguage\":\"sk-SK\"},{\"@type\":\"WebPage\",\"@id\":\"http:\/\/liptondrej.ecavlos.sk\/?page_id=219#webpage\",\"url\":\"http:\/\/liptondrej.ecavlos.sk\/?page_id=219\",\"name\":\"Spevokol - Cirkevn\\u00fd zbor ECAV Liptovsk\\u00fd Ondrej\",\"isPartOf\":{\"@id\":\"http:\/\/liptondrej.ecavlos.sk\/#website\"},\"datePublished\":\"2018-09-24T11:45:52+00:00\",\"dateModified\":\"2018-10-30T14:13:33+00:00\",\"breadcrumb\":{\"@id\":\"http:\/\/liptondrej.ecavlos.sk\/?page_id=219#breadcrumb\"},\"inLanguage\":\"sk-SK\",\"potentialAction\":[{\"@type\":\"ReadAction\",\"target\":[\"http:\/\/liptondrej.ecavlos.sk\/?page_id=219\"]}]},{\"@type\":\"BreadcrumbList\",\"@id\":\"http:\/\/liptondrej.ecavlos.sk\/?page_id=219#breadcrumb\",\"itemListElement\":[{\"@type\":\"ListItem\",\"position\":1,\"name\":\"Domovsk\\u00e1 str\\u00e1nka\",\"item\":\"http:\/\/liptondrej.ecavlos.sk\/\"},{\"@type\":\"ListItem\",\"position\":2,\"name\":\"\\u017divot zboru\",\"item\":\"http:\/\/liptondrej.ecavlos.sk\/?page_id=190\"},{\"@type\":\"ListItem\",\"position\":3,\"name\":\"Spevokol\"}]}]}<\/script>\n<!-- \/ Yoast SEO plugin. -->","yoast_head_json":{"title":"Spevokol - Cirkevn\u00fd zbor ECAV Liptovsk\u00fd Ondrej","robots":{"index":"index","follow":"follow","max-snippet":"max-snippet:-1","max-image-preview":"max-image-preview:large","max-video-preview":"max-video-preview:-1"},"canonical":"http:\/\/liptondrej.ecavlos.sk\/?page_id=219","og_locale":"sk_SK","og_type":"article","og_title":"Spevokol - Cirkevn\u00fd zbor ECAV Liptovsk\u00fd Ondrej","og_url":"http:\/\/liptondrej.ecavlos.sk\/?page_id=219","og_site_name":"Cirkevn\u00fd zbor ECAV Liptovsk\u00fd Ondrej","article_modified_time":"2018-10-30T14:13:33+00:00","twitter_card":"summary","schema":{"@context":"https:\/\/schema.org","@graph":[{"@type":"WebSite","@id":"http:\/\/liptondrej.ecavlos.sk\/#website","url":"http:\/\/liptondrej.ecavlos.sk\/","name":"Cirkevn\u00fd zbor ECAV Liptovsk\u00fd Ondrej","description":"Cirkevn\u00fd zbor ECAV Liptovsk\u00fd Ondrej","potentialAction":[{"@type":"SearchAction","target":{"@type":"EntryPoint","urlTemplate":"http:\/\/liptondrej.ecavlos.sk\/?s={search_term_string}"},"query-input":"required name=search_term_string"}],"inLanguage":"sk-SK"},{"@type":"WebPage","@id":"http:\/\/liptondrej.ecavlos.sk\/?page_id=219#webpage","url":"http:\/\/liptondrej.ecavlos.sk\/?page_id=219","name":"Spevokol - Cirkevn\u00fd zbor ECAV Liptovsk\u00fd Ondrej","isPartOf":{"@id":"http:\/\/liptondrej.ecavlos.sk\/#website"},"datePublished":"2018-09-24T11:45:52+00:00","dateModified":"2018-10-30T14:13:33+00:00","breadcrumb":{"@id":"http:\/\/liptondrej.ecavlos.sk\/?page_id=219#breadcrumb"},"inLanguage":"sk-SK","potentialAction":[{"@type":"ReadAction","target":["http:\/\/liptondrej.ecavlos.sk\/?page_id=219"]}]},{"@type":"BreadcrumbList","@id":"http:\/\/liptondrej.ecavlos.sk\/?page_id=219#breadcrumb","itemListElement":[{"@type":"ListItem","position":1,"name":"Domovsk\u00e1 str\u00e1nka","item":"http:\/\/liptondrej.ecavlos.sk\/"},{"@type":"ListItem","position":2,"name":"\u017divot zboru","item":"http:\/\/liptondrej.ecavlos.sk\/?page_id=190"},{"@type":"ListItem","position":3,"name":"Spevokol"}]}]}},"_links":{"self":[{"href":"https:\/\/liptondrej.ecavlos.sk\/index.php?rest_route=\/wp\/v2\/pages\/219"}],"collection":[{"href":"https:\/\/liptondrej.ecavlos.sk\/index.php?rest_route=\/wp\/v2\/pages"}],"about":[{"href":"https:\/\/liptondrej.ecavlos.sk\/index.php?rest_route=\/wp\/v2\/types\/page"}],"author":[{"embeddable":true,"href":"https:\/\/liptondrej.ecavlos.sk\/index.php?rest_route=\/wp\/v2\/users\/1"}],"replies":[{"embeddable":true,"href":"https:\/\/liptondrej.ecavlos.sk\/index.php?rest_route=%2Fwp%2Fv2%2Fcomments&post=219"}],"version-history":[{"count":1,"href":"https:\/\/liptondrej.ecavlos.sk\/index.php?rest_route=\/wp\/v2\/pages\/219\/revisions"}],"predecessor-version":[{"id":220,"href":"https:\/\/liptondrej.ecavlos.sk\/index.php?rest_route=\/wp\/v2\/pages\/219\/revisions\/220"}],"up":[{"embeddable":true,"href":"https:\/\/liptondrej.ecavlos.sk\/index.php?rest_route=\/wp\/v2\/pages\/190"}],"wp:attachment":[{"href":"https:\/\/liptondrej.ecavlos.sk\/index.php?rest_route=%2Fwp%2Fv2%2Fmedia&parent=219"}],"curies":[{"name":"wp","href":"https:\/\/api.w.org\/{rel}","templated":true}]}}