{"id":223,"date":"2018-09-24T13:46:24","date_gmt":"2018-09-24T11:46:24","guid":{"rendered":"http:\/\/liptondrej.ecavlos.sk\/?page_id=223"},"modified":"2021-01-18T18:06:11","modified_gmt":"2021-01-18T17:06:11","slug":"zborovy-casopis","status":"publish","type":"page","link":"https:\/\/liptondrej.ecavlos.sk\/?page_id=223","title":{"rendered":"Zborov\u00fd \u010dasopis"},"content":{"rendered":"<div id=\"dslc-theme-content\"><div id=\"dslc-theme-content-inner\">\n<figure class=\"wp-block-image size-large\"><a href=\"https:\/\/liptondrej.ecavlos.sk\/wp-content\/uploads\/2021\/01\/ZBOROV\u00dd-LIST-Novy-rok-2021.pdf\"><img loading=\"lazy\" width=\"381\" height=\"593\" src=\"https:\/\/liptondrej.ecavlos.sk\/wp-content\/uploads\/2021\/01\/Novy-rok-2021.png\" alt=\"\" class=\"wp-image-751\" srcset=\"https:\/\/liptondrej.ecavlos.sk\/wp-content\/uploads\/2021\/01\/Novy-rok-2021.png 381w, https:\/\/liptondrej.ecavlos.sk\/wp-content\/uploads\/2021\/01\/Novy-rok-2021-193x300.png 193w\" sizes=\"(max-width: 381px) 100vw, 381px\" \/><\/a><\/figure>\n\n\n\n<figure class=\"wp-block-image size-large\"><a href=\"https:\/\/liptondrej.ecavlos.sk\/wp-content\/uploads\/2021\/01\/ZBOROV\u00dd-LIST-Vianoce-2020.pdf\"><img loading=\"lazy\" width=\"419\" height=\"612\" src=\"https:\/\/liptondrej.ecavlos.sk\/wp-content\/uploads\/2021\/01\/Vianoce-2020.png\" alt=\"\" class=\"wp-image-754\" srcset=\"https:\/\/liptondrej.ecavlos.sk\/wp-content\/uploads\/2021\/01\/Vianoce-2020.png 419w, https:\/\/liptondrej.ecavlos.sk\/wp-content\/uploads\/2021\/01\/Vianoce-2020-205x300.png 205w\" sizes=\"(max-width: 419px) 100vw, 419px\" \/><\/a><\/figure>\n<\/div><\/div>","protected":false},"excerpt":{"rendered":"","protected":false},"author":1,"featured_media":0,"parent":194,"menu_order":0,"comment_status":"closed","ping_status":"closed","template":"","meta":[],"yoast_head":"<!-- This site is optimized with the Yoast SEO plugin v16.9 - https:\/\/yoast.com\/wordpress\/plugins\/seo\/ -->\n<title>Zborov\u00fd \u010dasopis - Cirkevn\u00fd zbor ECAV Liptovsk\u00fd Ondrej<\/title>\n<meta name=\"robots\" content=\"index, follow, max-snippet:-1, max-image-preview:large, max-video-preview:-1\" \/>\n<link rel=\"canonical\" href=\"https:\/\/liptondrej.ecavlos.sk\/?page_id=223\" \/>\n<meta property=\"og:locale\" content=\"sk_SK\" \/>\n<meta property=\"og:type\" content=\"article\" \/>\n<meta property=\"og:title\" content=\"Zborov\u00fd \u010dasopis - Cirkevn\u00fd zbor ECAV Liptovsk\u00fd Ondrej\" \/>\n<meta property=\"og:url\" content=\"https:\/\/liptondrej.ecavlos.sk\/?page_id=223\" \/>\n<meta property=\"og:site_name\" content=\"Cirkevn\u00fd zbor ECAV Liptovsk\u00fd Ondrej\" \/>\n<meta property=\"article:modified_time\" content=\"2021-01-18T17:06:11+00:00\" \/>\n<meta property=\"og:image\" content=\"https:\/\/liptondrej.ecavlos.sk\/wp-content\/uploads\/2021\/01\/Novy-rok-2021.png\" \/>\n<meta name=\"twitter:card\" content=\"summary\" \/>\n<script type=\"application\/ld+json\" class=\"yoast-schema-graph\">{\"@context\":\"https:\/\/schema.org\",\"@graph\":[{\"@type\":\"WebSite\",\"@id\":\"http:\/\/liptondrej.ecavlos.sk\/#website\",\"url\":\"http:\/\/liptondrej.ecavlos.sk\/\",\"name\":\"Cirkevn\\u00fd zbor ECAV Liptovsk\\u00fd Ondrej\",\"description\":\"Cirkevn\\u00fd zbor ECAV Liptovsk\\u00fd Ondrej\",\"potentialAction\":[{\"@type\":\"SearchAction\",\"target\":{\"@type\":\"EntryPoint\",\"urlTemplate\":\"http:\/\/liptondrej.ecavlos.sk\/?s={search_term_string}\"},\"query-input\":\"required name=search_term_string\"}],\"inLanguage\":\"sk-SK\"},{\"@type\":\"ImageObject\",\"@id\":\"https:\/\/liptondrej.ecavlos.sk\/?page_id=223#primaryimage\",\"inLanguage\":\"sk-SK\",\"url\":\"https:\/\/liptondrej.ecavlos.sk\/wp-content\/uploads\/2021\/01\/Novy-rok-2021.png\",\"contentUrl\":\"https:\/\/liptondrej.ecavlos.sk\/wp-content\/uploads\/2021\/01\/Novy-rok-2021.png\",\"width\":381,\"height\":593},{\"@type\":\"WebPage\",\"@id\":\"https:\/\/liptondrej.ecavlos.sk\/?page_id=223#webpage\",\"url\":\"https:\/\/liptondrej.ecavlos.sk\/?page_id=223\",\"name\":\"Zborov\\u00fd \\u010dasopis - Cirkevn\\u00fd zbor ECAV Liptovsk\\u00fd Ondrej\",\"isPartOf\":{\"@id\":\"http:\/\/liptondrej.ecavlos.sk\/#website\"},\"primaryImageOfPage\":{\"@id\":\"https:\/\/liptondrej.ecavlos.sk\/?page_id=223#primaryimage\"},\"datePublished\":\"2018-09-24T11:46:24+00:00\",\"dateModified\":\"2021-01-18T17:06:11+00:00\",\"breadcrumb\":{\"@id\":\"https:\/\/liptondrej.ecavlos.sk\/?page_id=223#breadcrumb\"},\"inLanguage\":\"sk-SK\",\"potentialAction\":[{\"@type\":\"ReadAction\",\"target\":[\"https:\/\/liptondrej.ecavlos.sk\/?page_id=223\"]}]},{\"@type\":\"BreadcrumbList\",\"@id\":\"https:\/\/liptondrej.ecavlos.sk\/?page_id=223#breadcrumb\",\"itemListElement\":[{\"@type\":\"ListItem\",\"position\":1,\"name\":\"Domovsk\\u00e1 str\\u00e1nka\",\"item\":\"http:\/\/liptondrej.ecavlos.sk\/\"},{\"@type\":\"ListItem\",\"position\":2,\"name\":\"M\\u00e9dia\",\"item\":\"http:\/\/liptondrej.ecavlos.sk\/?page_id=194\"},{\"@type\":\"ListItem\",\"position\":3,\"name\":\"Zborov\\u00fd \\u010dasopis\"}]}]}<\/script>\n<!-- \/ Yoast SEO plugin. -->","yoast_head_json":{"title":"Zborov\u00fd \u010dasopis - Cirkevn\u00fd zbor ECAV Liptovsk\u00fd Ondrej","robots":{"index":"index","follow":"follow","max-snippet":"max-snippet:-1","max-image-preview":"max-image-preview:large","max-video-preview":"max-video-preview:-1"},"canonical":"https:\/\/liptondrej.ecavlos.sk\/?page_id=223","og_locale":"sk_SK","og_type":"article","og_title":"Zborov\u00fd \u010dasopis - Cirkevn\u00fd zbor ECAV Liptovsk\u00fd Ondrej","og_url":"https:\/\/liptondrej.ecavlos.sk\/?page_id=223","og_site_name":"Cirkevn\u00fd zbor ECAV Liptovsk\u00fd Ondrej","article_modified_time":"2021-01-18T17:06:11+00:00","og_image":[{"url":"https:\/\/liptondrej.ecavlos.sk\/wp-content\/uploads\/2021\/01\/Novy-rok-2021.png"}],"twitter_card":"summary","schema":{"@context":"https:\/\/schema.org","@graph":[{"@type":"WebSite","@id":"http:\/\/liptondrej.ecavlos.sk\/#website","url":"http:\/\/liptondrej.ecavlos.sk\/","name":"Cirkevn\u00fd zbor ECAV Liptovsk\u00fd Ondrej","description":"Cirkevn\u00fd zbor ECAV Liptovsk\u00fd Ondrej","potentialAction":[{"@type":"SearchAction","target":{"@type":"EntryPoint","urlTemplate":"http:\/\/liptondrej.ecavlos.sk\/?s={search_term_string}"},"query-input":"required name=search_term_string"}],"inLanguage":"sk-SK"},{"@type":"ImageObject","@id":"https:\/\/liptondrej.ecavlos.sk\/?page_id=223#primaryimage","inLanguage":"sk-SK","url":"https:\/\/liptondrej.ecavlos.sk\/wp-content\/uploads\/2021\/01\/Novy-rok-2021.png","contentUrl":"https:\/\/liptondrej.ecavlos.sk\/wp-content\/uploads\/2021\/01\/Novy-rok-2021.png","width":381,"height":593},{"@type":"WebPage","@id":"https:\/\/liptondrej.ecavlos.sk\/?page_id=223#webpage","url":"https:\/\/liptondrej.ecavlos.sk\/?page_id=223","name":"Zborov\u00fd \u010dasopis - Cirkevn\u00fd zbor ECAV Liptovsk\u00fd Ondrej","isPartOf":{"@id":"http:\/\/liptondrej.ecavlos.sk\/#website"},"primaryImageOfPage":{"@id":"https:\/\/liptondrej.ecavlos.sk\/?page_id=223#primaryimage"},"datePublished":"2018-09-24T11:46:24+00:00","dateModified":"2021-01-18T17:06:11+00:00","breadcrumb":{"@id":"https:\/\/liptondrej.ecavlos.sk\/?page_id=223#breadcrumb"},"inLanguage":"sk-SK","potentialAction":[{"@type":"ReadAction","target":["https:\/\/liptondrej.ecavlos.sk\/?page_id=223"]}]},{"@type":"BreadcrumbList","@id":"https:\/\/liptondrej.ecavlos.sk\/?page_id=223#breadcrumb","itemListElement":[{"@type":"ListItem","position":1,"name":"Domovsk\u00e1 str\u00e1nka","item":"http:\/\/liptondrej.ecavlos.sk\/"},{"@type":"ListItem","position":2,"name":"M\u00e9dia","item":"http:\/\/liptondrej.ecavlos.sk\/?page_id=194"},{"@type":"ListItem","position":3,"name":"Zborov\u00fd \u010dasopis"}]}]}},"_links":{"self":[{"href":"https:\/\/liptondrej.ecavlos.sk\/index.php?rest_route=\/wp\/v2\/pages\/223"}],"collection":[{"href":"https:\/\/liptondrej.ecavlos.sk\/index.php?rest_route=\/wp\/v2\/pages"}],"about":[{"href":"https:\/\/liptondrej.ecavlos.sk\/index.php?rest_route=\/wp\/v2\/types\/page"}],"author":[{"embeddable":true,"href":"https:\/\/liptondrej.ecavlos.sk\/index.php?rest_route=\/wp\/v2\/users\/1"}],"replies":[{"embeddable":true,"href":"https:\/\/liptondrej.ecavlos.sk\/index.php?rest_route=%2Fwp%2Fv2%2Fcomments&post=223"}],"version-history":[{"count":4,"href":"https:\/\/liptondrej.ecavlos.sk\/index.php?rest_route=\/wp\/v2\/pages\/223\/revisions"}],"predecessor-version":[{"id":755,"href":"https:\/\/liptondrej.ecavlos.sk\/index.php?rest_route=\/wp\/v2\/pages\/223\/revisions\/755"}],"up":[{"embeddable":true,"href":"https:\/\/liptondrej.ecavlos.sk\/index.php?rest_route=\/wp\/v2\/pages\/194"}],"wp:attachment":[{"href":"https:\/\/liptondrej.ecavlos.sk\/index.php?rest_route=%2Fwp%2Fv2%2Fmedia&parent=223"}],"curies":[{"name":"wp","href":"https:\/\/api.w.org\/{rel}","templated":true}]}}