{"id":309,"date":"2018-10-15T13:36:49","date_gmt":"2018-10-15T11:36:49","guid":{"rendered":"http:\/\/liptondrej.ecavlos.sk\/?page_id=309"},"modified":"2018-10-30T15:13:56","modified_gmt":"2018-10-30T14:13:56","slug":"ine-aktivity","status":"publish","type":"page","link":"https:\/\/liptondrej.ecavlos.sk\/?page_id=309","title":{"rendered":"Vyu\u010dovanie n\u00e1bo\u017eenstva a konfirma\u010dn\u00e1 pr\u00edprava"},"content":{"rendered":"<div id=\"dslc-theme-content\"><div id=\"dslc-theme-content-inner\"><p>Vyu\u010dovanie n\u00e1bo\u017eenstva &#8211; ka\u017ed\u00fd \u0161tvrtok v materskej a z\u00e1kladnej \u0161kole.<\/p>\n<p>Vyu\u010dovanie konfirmandov:<\/p>\n<ol>\n<li>ro\u010dn\u00edk v utorok o 14:00 hod. na fare<\/li>\n<li>ro\u010dn\u00edk vo \u0161tvrtok o 15:00 hod. na fare<\/li>\n<\/ol>\n<p>&nbsp;<\/p>\n<p>V pr\u00edpade z\u00e1ujmu o konfirma\u010dn\u00fa pr\u00edpravu dospel\u00fdch, kontaktujte, pros\u00edm, farsk\u00fd \u00farad.<\/p>\n<\/div><\/div>","protected":false},"excerpt":{"rendered":"<p>Vyu\u010dovanie n\u00e1bo\u017eenstva &#8211; ka\u017ed\u00fd \u0161tvrtok v materskej a z\u00e1kladnej \u0161kole. Vyu\u010dovanie konfirmandov: ro\u010dn\u00edk v utorok o 14:00 hod. na fare ro\u010dn\u00edk vo \u0161tvrtok o 15:00 hod. na fare &nbsp; V pr\u00edpade z\u00e1ujmu o konfirma\u010dn\u00fa pr\u00edpravu dospel\u00fdch, kontaktujte, pros\u00edm, farsk\u00fd \u00farad.<\/p>\n","protected":false},"author":1,"featured_media":0,"parent":190,"menu_order":3,"comment_status":"closed","ping_status":"closed","template":"","meta":[],"yoast_head":"<!-- This site is optimized with the Yoast SEO plugin v16.9 - https:\/\/yoast.com\/wordpress\/plugins\/seo\/ -->\n<title>Vyu\u010dovanie n\u00e1bo\u017eenstva a konfirma\u010dn\u00e1 pr\u00edprava - Cirkevn\u00fd zbor ECAV Liptovsk\u00fd Ondrej<\/title>\n<meta name=\"robots\" content=\"index, follow, max-snippet:-1, max-image-preview:large, max-video-preview:-1\" \/>\n<link rel=\"canonical\" href=\"http:\/\/liptondrej.ecavlos.sk\/?page_id=309\" \/>\n<meta property=\"og:locale\" content=\"sk_SK\" \/>\n<meta property=\"og:type\" content=\"article\" \/>\n<meta property=\"og:title\" content=\"Vyu\u010dovanie n\u00e1bo\u017eenstva a konfirma\u010dn\u00e1 pr\u00edprava - Cirkevn\u00fd zbor ECAV Liptovsk\u00fd Ondrej\" \/>\n<meta property=\"og:description\" content=\"Vyu\u010dovanie n\u00e1bo\u017eenstva &#8211; ka\u017ed\u00fd \u0161tvrtok v materskej a z\u00e1kladnej \u0161kole. Vyu\u010dovanie konfirmandov: ro\u010dn\u00edk v utorok o 14:00 hod. na fare ro\u010dn\u00edk vo \u0161tvrtok o 15:00 hod. na fare &nbsp; V pr\u00edpade z\u00e1ujmu o konfirma\u010dn\u00fa pr\u00edpravu dospel\u00fdch, kontaktujte, pros\u00edm, farsk\u00fd \u00farad.\" \/>\n<meta property=\"og:url\" content=\"http:\/\/liptondrej.ecavlos.sk\/?page_id=309\" \/>\n<meta property=\"og:site_name\" content=\"Cirkevn\u00fd zbor ECAV Liptovsk\u00fd Ondrej\" \/>\n<meta property=\"article:modified_time\" content=\"2018-10-30T14:13:56+00:00\" \/>\n<meta name=\"twitter:card\" content=\"summary\" \/>\n<script type=\"application\/ld+json\" class=\"yoast-schema-graph\">{\"@context\":\"https:\/\/schema.org\",\"@graph\":[{\"@type\":\"WebSite\",\"@id\":\"http:\/\/liptondrej.ecavlos.sk\/#website\",\"url\":\"http:\/\/liptondrej.ecavlos.sk\/\",\"name\":\"Cirkevn\\u00fd zbor ECAV Liptovsk\\u00fd Ondrej\",\"description\":\"Cirkevn\\u00fd zbor ECAV Liptovsk\\u00fd Ondrej\",\"potentialAction\":[{\"@type\":\"SearchAction\",\"target\":{\"@type\":\"EntryPoint\",\"urlTemplate\":\"http:\/\/liptondrej.ecavlos.sk\/?s={search_term_string}\"},\"query-input\":\"required name=search_term_string\"}],\"inLanguage\":\"sk-SK\"},{\"@type\":\"WebPage\",\"@id\":\"http:\/\/liptondrej.ecavlos.sk\/?page_id=309#webpage\",\"url\":\"http:\/\/liptondrej.ecavlos.sk\/?page_id=309\",\"name\":\"Vyu\\u010dovanie n\\u00e1bo\\u017eenstva a konfirma\\u010dn\\u00e1 pr\\u00edprava - Cirkevn\\u00fd zbor ECAV Liptovsk\\u00fd Ondrej\",\"isPartOf\":{\"@id\":\"http:\/\/liptondrej.ecavlos.sk\/#website\"},\"datePublished\":\"2018-10-15T11:36:49+00:00\",\"dateModified\":\"2018-10-30T14:13:56+00:00\",\"breadcrumb\":{\"@id\":\"http:\/\/liptondrej.ecavlos.sk\/?page_id=309#breadcrumb\"},\"inLanguage\":\"sk-SK\",\"potentialAction\":[{\"@type\":\"ReadAction\",\"target\":[\"http:\/\/liptondrej.ecavlos.sk\/?page_id=309\"]}]},{\"@type\":\"BreadcrumbList\",\"@id\":\"http:\/\/liptondrej.ecavlos.sk\/?page_id=309#breadcrumb\",\"itemListElement\":[{\"@type\":\"ListItem\",\"position\":1,\"name\":\"Domovsk\\u00e1 str\\u00e1nka\",\"item\":\"http:\/\/liptondrej.ecavlos.sk\/\"},{\"@type\":\"ListItem\",\"position\":2,\"name\":\"\\u017divot zboru\",\"item\":\"http:\/\/liptondrej.ecavlos.sk\/?page_id=190\"},{\"@type\":\"ListItem\",\"position\":3,\"name\":\"Vyu\\u010dovanie n\\u00e1bo\\u017eenstva a konfirma\\u010dn\\u00e1 pr\\u00edprava\"}]}]}<\/script>\n<!-- \/ Yoast SEO plugin. -->","yoast_head_json":{"title":"Vyu\u010dovanie n\u00e1bo\u017eenstva a konfirma\u010dn\u00e1 pr\u00edprava - Cirkevn\u00fd zbor ECAV Liptovsk\u00fd Ondrej","robots":{"index":"index","follow":"follow","max-snippet":"max-snippet:-1","max-image-preview":"max-image-preview:large","max-video-preview":"max-video-preview:-1"},"canonical":"http:\/\/liptondrej.ecavlos.sk\/?page_id=309","og_locale":"sk_SK","og_type":"article","og_title":"Vyu\u010dovanie n\u00e1bo\u017eenstva a konfirma\u010dn\u00e1 pr\u00edprava - Cirkevn\u00fd zbor ECAV Liptovsk\u00fd Ondrej","og_description":"Vyu\u010dovanie n\u00e1bo\u017eenstva &#8211; ka\u017ed\u00fd \u0161tvrtok v materskej a z\u00e1kladnej \u0161kole. Vyu\u010dovanie konfirmandov: ro\u010dn\u00edk v utorok o 14:00 hod. na fare ro\u010dn\u00edk vo \u0161tvrtok o 15:00 hod. na fare &nbsp; V pr\u00edpade z\u00e1ujmu o konfirma\u010dn\u00fa pr\u00edpravu dospel\u00fdch, kontaktujte, pros\u00edm, farsk\u00fd \u00farad.","og_url":"http:\/\/liptondrej.ecavlos.sk\/?page_id=309","og_site_name":"Cirkevn\u00fd zbor ECAV Liptovsk\u00fd Ondrej","article_modified_time":"2018-10-30T14:13:56+00:00","twitter_card":"summary","schema":{"@context":"https:\/\/schema.org","@graph":[{"@type":"WebSite","@id":"http:\/\/liptondrej.ecavlos.sk\/#website","url":"http:\/\/liptondrej.ecavlos.sk\/","name":"Cirkevn\u00fd zbor ECAV Liptovsk\u00fd Ondrej","description":"Cirkevn\u00fd zbor ECAV Liptovsk\u00fd Ondrej","potentialAction":[{"@type":"SearchAction","target":{"@type":"EntryPoint","urlTemplate":"http:\/\/liptondrej.ecavlos.sk\/?s={search_term_string}"},"query-input":"required name=search_term_string"}],"inLanguage":"sk-SK"},{"@type":"WebPage","@id":"http:\/\/liptondrej.ecavlos.sk\/?page_id=309#webpage","url":"http:\/\/liptondrej.ecavlos.sk\/?page_id=309","name":"Vyu\u010dovanie n\u00e1bo\u017eenstva a konfirma\u010dn\u00e1 pr\u00edprava - Cirkevn\u00fd zbor ECAV Liptovsk\u00fd Ondrej","isPartOf":{"@id":"http:\/\/liptondrej.ecavlos.sk\/#website"},"datePublished":"2018-10-15T11:36:49+00:00","dateModified":"2018-10-30T14:13:56+00:00","breadcrumb":{"@id":"http:\/\/liptondrej.ecavlos.sk\/?page_id=309#breadcrumb"},"inLanguage":"sk-SK","potentialAction":[{"@type":"ReadAction","target":["http:\/\/liptondrej.ecavlos.sk\/?page_id=309"]}]},{"@type":"BreadcrumbList","@id":"http:\/\/liptondrej.ecavlos.sk\/?page_id=309#breadcrumb","itemListElement":[{"@type":"ListItem","position":1,"name":"Domovsk\u00e1 str\u00e1nka","item":"http:\/\/liptondrej.ecavlos.sk\/"},{"@type":"ListItem","position":2,"name":"\u017divot zboru","item":"http:\/\/liptondrej.ecavlos.sk\/?page_id=190"},{"@type":"ListItem","position":3,"name":"Vyu\u010dovanie n\u00e1bo\u017eenstva a konfirma\u010dn\u00e1 pr\u00edprava"}]}]}},"_links":{"self":[{"href":"https:\/\/liptondrej.ecavlos.sk\/index.php?rest_route=\/wp\/v2\/pages\/309"}],"collection":[{"href":"https:\/\/liptondrej.ecavlos.sk\/index.php?rest_route=\/wp\/v2\/pages"}],"about":[{"href":"https:\/\/liptondrej.ecavlos.sk\/index.php?rest_route=\/wp\/v2\/types\/page"}],"author":[{"embeddable":true,"href":"https:\/\/liptondrej.ecavlos.sk\/index.php?rest_route=\/wp\/v2\/users\/1"}],"replies":[{"embeddable":true,"href":"https:\/\/liptondrej.ecavlos.sk\/index.php?rest_route=%2Fwp%2Fv2%2Fcomments&post=309"}],"version-history":[{"count":6,"href":"https:\/\/liptondrej.ecavlos.sk\/index.php?rest_route=\/wp\/v2\/pages\/309\/revisions"}],"predecessor-version":[{"id":352,"href":"https:\/\/liptondrej.ecavlos.sk\/index.php?rest_route=\/wp\/v2\/pages\/309\/revisions\/352"}],"up":[{"embeddable":true,"href":"https:\/\/liptondrej.ecavlos.sk\/index.php?rest_route=\/wp\/v2\/pages\/190"}],"wp:attachment":[{"href":"https:\/\/liptondrej.ecavlos.sk\/index.php?rest_route=%2Fwp%2Fv2%2Fmedia&parent=309"}],"curies":[{"name":"wp","href":"https:\/\/api.w.org\/{rel}","templated":true}]}}